{"id":1790,"date":"2021-08-13T16:24:07","date_gmt":"2021-08-13T21:24:07","guid":{"rendered":"https:\/\/sac.nodeanalytics.net\/wordpress\/?page_id=1790"},"modified":"2025-07-15T11:00:33","modified_gmt":"2025-07-15T16:00:33","slug":"contactanos","status":"publish","type":"page","link":"https:\/\/www.nodeanalytics.net\/en\/contactanos\/","title":{"rendered":"Contact us"},"content":{"rendered":"<div data-elementor-type=\"wp-page\" data-elementor-id=\"1790\" class=\"elementor elementor-1790\">\n\t\t\t\t\t\t<section class=\"elementor-section elementor-top-section elementor-element elementor-element-d6ce6fc elementor-section-boxed elementor-section-height-default elementor-section-height-default\" data-id=\"d6ce6fc\" data-element_type=\"section\" data-e-type=\"section\" data-settings=\"{&quot;background_background&quot;:&quot;classic&quot;}\">\n\t\t\t\t\t\t<div class=\"elementor-container elementor-column-gap-default\">\n\t\t\t\t\t<div class=\"elementor-column elementor-col-100 elementor-top-column elementor-element elementor-element-e88adff\" data-id=\"e88adff\" data-element_type=\"column\" data-e-type=\"column\">\n\t\t\t<div class=\"elementor-widget-wrap elementor-element-populated\">\n\t\t\t\t\t\t<section class=\"elementor-section elementor-inner-section elementor-element elementor-element-39c926f elementor-section-content-middle elementor-section-boxed elementor-section-height-default elementor-section-height-default\" data-id=\"39c926f\" data-element_type=\"section\" data-e-type=\"section\">\n\t\t\t\t\t\t<div class=\"elementor-container elementor-column-gap-default\">\n\t\t\t\t\t<div class=\"elementor-column elementor-col-50 elementor-inner-column elementor-element elementor-element-84c6182\" data-id=\"84c6182\" data-element_type=\"column\" data-e-type=\"column\">\n\t\t\t<div class=\"elementor-widget-wrap elementor-element-populated\">\n\t\t\t\t\t\t<div class=\"elementor-element elementor-element-ee2b347 elementor-widget elementor-widget-heading\" data-id=\"ee2b347\" data-element_type=\"widget\" data-e-type=\"widget\" data-widget_type=\"heading.default\">\n\t\t\t\t<div class=\"elementor-widget-container\">\n\t\t\t\t\t<h1 class=\"elementor-heading-title elementor-size-default\"><font color=\"#F6751D\" style=\"font-weight: bold\">Evolve<\/font> digitally and become  <b><font color=\"#F6751D\">unstoppable.<\/font><\/b><\/h1>\t\t\t\t<\/div>\n\t\t\t\t<\/div>\n\t\t\t\t<div class=\"elementor-element elementor-element-1a986fc elementor-widget elementor-widget-text-editor\" data-id=\"1a986fc\" data-element_type=\"widget\" data-e-type=\"widget\" data-widget_type=\"text-editor.default\">\n\t\t\t\t<div class=\"elementor-widget-container\">\n\t\t\t\t\t\t\t\t\t<p>!Your business will never need more!<\/p>\t\t\t\t\t\t\t\t<\/div>\n\t\t\t\t<\/div>\n\t\t\t\t<div class=\"elementor-element elementor-element-fd6cabe elementor-widget elementor-widget-text-editor\" data-id=\"fd6cabe\" data-element_type=\"widget\" data-e-type=\"widget\" data-widget_type=\"text-editor.default\">\n\t\t\t\t<div class=\"elementor-widget-container\">\n\t\t\t\t\t\t\t\t\t<p>Our individual modules are powerful and together the perfect solution.<\/p>\t\t\t\t\t\t\t\t<\/div>\n\t\t\t\t<\/div>\n\t\t\t\t<div class=\"elementor-element elementor-element-25e569f elementor-widget elementor-widget-htmega-button-addons\" data-id=\"25e569f\" data-element_type=\"widget\" data-e-type=\"widget\" data-widget_type=\"htmega-button-addons.default\">\n\t\t\t\t<div class=\"elementor-widget-container\">\n\t\t\t\t\t<div class=\"htmega-button htmega-btn-style-2 htmega-btn-shadow-0 button-align-icon-left\"><a href=\"https:\/\/wa.link\/vduew1\" class=\"htb-btn htmega-btn-size-xl htmega-btn-effect-0 elementor-animation-float\" target=\"_blank\" rel=\"noopener\"><span class=\"htmega_button_txt\">Contact us<\/span><span class=\"htmega_button_icon\"><i class=\"fab fa-whatsapp\"><\/i><\/span><\/a><\/div>\t\t\t\t<\/div>\n\t\t\t\t<\/div>\n\t\t\t\t\t<\/div>\n\t\t<\/div>\n\t\t\t\t<div class=\"elementor-column elementor-col-50 elementor-inner-column elementor-element elementor-element-fd773b7\" data-id=\"fd773b7\" data-element_type=\"column\" data-e-type=\"column\">\n\t\t\t<div class=\"elementor-widget-wrap elementor-element-populated\">\n\t\t\t\t\t\t<div class=\"elementor-element elementor-element-63bbf8b elementor-widget elementor-widget-icon-box\" data-id=\"63bbf8b\" data-element_type=\"widget\" data-e-type=\"widget\" data-widget_type=\"icon-box.default\">\n\t\t\t\t<div class=\"elementor-widget-container\">\n\t\t\t\t\t\t\t<div class=\"elementor-icon-box-wrapper\">\n\n\t\t\t\n\t\t\t\t\t\t<div class=\"elementor-icon-box-content\">\n\n\t\t\t\t\t\t\t\t\t<h3 class=\"elementor-icon-box-title\">\n\t\t\t\t\t\t<span  >\n\t\t\t\t\t\t\t\u00bfWant to know how?\t\t\t\t\t\t<\/span>\n\t\t\t\t\t<\/h3>\n\t\t\t\t\n\t\t\t\t\t\t\t\t\t<p class=\"elementor-icon-box-description\">\n\t\t\t\t\t\tLeave us your data and we will tell you about it\t\t\t\t\t<\/p>\n\t\t\t\t\n\t\t\t<\/div>\n\t\t\t\n\t\t<\/div>\n\t\t\t\t\t\t<\/div>\n\t\t\t\t<\/div>\n\t\t\t\t<div class=\"elementor-element elementor-element-d21c53f elementor-widget elementor-widget-image\" data-id=\"d21c53f\" data-element_type=\"widget\" data-e-type=\"widget\" data-widget_type=\"image.default\">\n\t\t\t\t<div class=\"elementor-widget-container\">\n\t\t\t\t\t\t\t\t\t\t\t\t\t\t\t<img fetchpriority=\"high\" decoding=\"async\" width=\"1312\" height=\"1030\" src=\"https:\/\/www.nodeanalytics.net\/wp-content\/uploads\/2023\/03\/Contactanos.webp\" class=\"attachment-full size-full wp-image-26328\" alt=\"Contactanos\" srcset=\"https:\/\/www.nodeanalytics.net\/wp-content\/uploads\/2023\/03\/Contactanos.webp 1312w, https:\/\/www.nodeanalytics.net\/wp-content\/uploads\/2023\/03\/Contactanos-1024x804.webp 1024w, https:\/\/www.nodeanalytics.net\/wp-content\/uploads\/2023\/03\/Contactanos-1300x1021.webp 1300w, https:\/\/www.nodeanalytics.net\/wp-content\/uploads\/2023\/03\/Contactanos-768x603.webp 768w, https:\/\/www.nodeanalytics.net\/wp-content\/uploads\/2023\/03\/Contactanos-15x12.webp 15w\" sizes=\"(max-width: 1312px) 100vw, 1312px\" \/>\t\t\t\t\t\t\t\t\t\t\t\t\t\t\t<\/div>\n\t\t\t\t<\/div>\n\t\t\t\t\t<\/div>\n\t\t<\/div>\n\t\t\t\t\t<\/div>\n\t\t<\/section>\n\t\t\t\t\t<\/div>\n\t\t<\/div>\n\t\t\t\t\t<\/div>\n\t\t<\/section>\n\t\t\t\t<\/div>","protected":false},"excerpt":{"rendered":"<p>Evoluciona digitalmente y vu\u00e9lvete imparable. \u00a1Tu negocio nunca necesitar\u00e1 m\u00e1s! Nuestros m\u00f3dulos individuales son poderosos y en conjunto la soluci\u00f3n perfecta. Cont\u00e1ctanos \u00bfQuieres saber c\u00f3mo? D\u00e9janos tus datos y te lo contamos<\/p>","protected":false},"author":1,"featured_media":0,"parent":0,"menu_order":0,"comment_status":"closed","ping_status":"closed","template":"elementor_canvas","meta":{"site-sidebar-layout":"no-sidebar","site-content-layout":"page-builder","ast-site-content-layout":"default","site-content-style":"default","site-sidebar-style":"default","ast-global-header-display":"","ast-banner-title-visibility":"","ast-main-header-display":"","ast-hfb-above-header-display":"","ast-hfb-below-header-display":"","ast-hfb-mobile-header-display":"","site-post-title":"disabled","ast-breadcrumbs-content":"","ast-featured-img":"disabled","footer-sml-layout":"","ast-disable-related-posts":"","theme-transparent-header-meta":"default","adv-header-id-meta":"","stick-header-meta":"","header-above-stick-meta":"","header-main-stick-meta":"","header-below-stick-meta":"","astra-migrate-meta-layouts":"default","ast-page-background-enabled":"default","ast-page-background-meta":{"desktop":{"background-color":"","background-image":"","background-repeat":"repeat","background-position":"center center","background-size":"auto","background-attachment":"scroll","background-type":"","background-media":"","overlay-type":"","overlay-color":"","overlay-opacity":"","overlay-gradient":""},"tablet":{"background-color":"","background-image":"","background-repeat":"repeat","background-position":"center center","background-size":"auto","background-attachment":"scroll","background-type":"","background-media":"","overlay-type":"","overlay-color":"","overlay-opacity":"","overlay-gradient":""},"mobile":{"background-color":"","background-image":"","background-repeat":"repeat","background-position":"center center","background-size":"auto","background-attachment":"scroll","background-type":"","background-media":"","overlay-type":"","overlay-color":"","overlay-opacity":"","overlay-gradient":""}},"ast-content-background-meta":{"desktop":{"background-color":"var(--ast-global-color-5)","background-image":"","background-repeat":"repeat","background-position":"center center","background-size":"auto","background-attachment":"scroll","background-type":"","background-media":"","overlay-type":"","overlay-color":"","overlay-opacity":"","overlay-gradient":""},"tablet":{"background-color":"var(--ast-global-color-5)","background-image":"","background-repeat":"repeat","background-position":"center center","background-size":"auto","background-attachment":"scroll","background-type":"","background-media":"","overlay-type":"","overlay-color":"","overlay-opacity":"","overlay-gradient":""},"mobile":{"background-color":"var(--ast-global-color-5)","background-image":"","background-repeat":"repeat","background-position":"center center","background-size":"auto","background-attachment":"scroll","background-type":"","background-media":"","overlay-type":"","overlay-color":"","overlay-opacity":"","overlay-gradient":""}},"_joinchat":[],"footnotes":""},"class_list":["post-1790","page","type-page","status-publish","hentry"],"rttpg_featured_image_url":null,"rttpg_author":{"display_name":"admin","author_link":"https:\/\/www.nodeanalytics.net\/en\/author\/admin\/"},"rttpg_comment":0,"rttpg_category":null,"rttpg_excerpt":"Evoluciona digitalmente y vu\u00e9lvete imparable. \u00a1Tu negocio nunca necesitar\u00e1 m\u00e1s! Nuestros m\u00f3dulos individuales son poderosos y en conjunto la soluci\u00f3n perfecta. Cont\u00e1ctanos \u00bfQuieres saber c\u00f3mo? D\u00e9janos tus datos y te lo contamos","_links":{"self":[{"href":"https:\/\/www.nodeanalytics.net\/en\/wp-json\/wp\/v2\/pages\/1790","targetHints":{"allow":["GET"]}}],"collection":[{"href":"https:\/\/www.nodeanalytics.net\/en\/wp-json\/wp\/v2\/pages"}],"about":[{"href":"https:\/\/www.nodeanalytics.net\/en\/wp-json\/wp\/v2\/types\/page"}],"author":[{"embeddable":true,"href":"https:\/\/www.nodeanalytics.net\/en\/wp-json\/wp\/v2\/users\/1"}],"replies":[{"embeddable":true,"href":"https:\/\/www.nodeanalytics.net\/en\/wp-json\/wp\/v2\/comments?post=1790"}],"version-history":[{"count":677,"href":"https:\/\/www.nodeanalytics.net\/en\/wp-json\/wp\/v2\/pages\/1790\/revisions"}],"predecessor-version":[{"id":32066,"href":"https:\/\/www.nodeanalytics.net\/en\/wp-json\/wp\/v2\/pages\/1790\/revisions\/32066"}],"wp:attachment":[{"href":"https:\/\/www.nodeanalytics.net\/en\/wp-json\/wp\/v2\/media?parent=1790"}],"curies":[{"name":"wp","href":"https:\/\/api.w.org\/{rel}","templated":true}]}}